{"id":14,"date":"2017-11-14T23:58:33","date_gmt":"2017-11-14T23:58:33","guid":{"rendered":"http:\/\/preview.duoaciano.de\/?page_id=14"},"modified":"2023-02-10T14:35:26","modified_gmt":"2023-02-10T14:35:26","slug":"repertoire","status":"publish","type":"page","link":"https:\/\/www.duoaciano.de\/?page_id=14","title":{"rendered":"REPERTOIRE"},"content":{"rendered":"<p><img loading=\"lazy\" decoding=\"async\" class=\"size-full wp-image-64 aligncenter\" src=\"http:\/\/preview.duoaciano.de\/wp-content\/uploads\/2017\/11\/logo.jpg\" alt=\"\" width=\"341\" height=\"100\" srcset=\"https:\/\/www.duoaciano.de\/wp-content\/uploads\/2017\/11\/logo.jpg 341w, https:\/\/www.duoaciano.de\/wp-content\/uploads\/2017\/11\/logo-300x88.jpg 300w\" sizes=\"auto, (max-width: 341px) 100vw, 341px\" \/><\/p>\n<h4>Duo Aciano goes Filmmusik: &#8222;My Favorite Things&#8220;<\/h4>\n<p>Stilsicher versehen die beiden Acianas ihre Lieblingsfilmmusiken mit einem klassischen Touch und setzen so anmutig wie delikat eigene Pointen. Hier treffen sich &#8222;Der Hobbit&#8220; und &#8222;Der Zauberer von Oz&#8220; auf ein &#8222;Fr\u00fchst\u00fcck bei Tiffanys&#8220;. &#8222;Der Duft der Frauen&#8220; bet\u00f6rt und &#8222;Die fabelhafte Welt der Am\u00e9lie&#8220; verzaubert nicht nur Film-Nostalgiker:innen. In ihrem sinnlichen Dialog vereinen sich perlende Gitarrenkl\u00e4nge und eine singende Geige &#8211; und schon schwelgt man wieder in seinem Lieblingsfilm und lauscht dabei den ber\u00fchrenden Kl\u00e4ngen des Duos , die mal eindringlich, mal sanft ert\u00f6nen &#8211; auf jeden Fall Balsam f\u00fcr die Seele!<\/p>\n<h4>Duo Aciano goes Rock &amp; Pop: &#8222;Time after Time&#8220;<\/h4>\n<p>Erstaunliche Tiefensch\u00e4rfe verleiht das Duo den Sounds unserer Zeit aus dem Katalog der gro\u00dfen Pop- und Rockklassiker &#8211; von den legend\u00e4ren \u00fcber die schillernden Achtziger bis heute. Songs von Ed Sheeran, Metallica, Cindy Lauper, The Beatles, Greenday und weiteren Stars erklingen wohlbekannt und doch faszinierend anders in den eigens ausgefeilten Arrangements f\u00fcr Gitarre und Violine.<\/p>\n<h4>Duo Aciano goes Tango (Nuevo): &#8222;Luz y Sombra&#8220;<\/h4>\n<p>Sandra Wilhelms und Freya Deiting nehmen ihr Publikum mit in die Licht- und Schattenwelt S\u00fcdamerikas:<\/p>\n<p>Ein Tanz auf 10 Saiten &#8211; leidenschaftlich, sehnsuchtsvoll und virtuos &#8211; in der stets sensiblen und ausdrucksstarken Interpretation der beiden Musikerinnen. Schon ihre erste CD &#8222;Dos!&#8220; widmeten die beiden Acianas den spanischen und s\u00fcdamerikanischen Komponisten zwischen Klassik und Folklore.<\/p>\n<p>Die Idee, ihre zweite CD dem Thema Tango in seinen alten und neuen Formen \u00a0zu widmen, entstand durch die vermehrte Zusammenarbeit mit Tangosalons.<\/p>\n<p>Zu den St\u00fccken des gro\u00dfen Tangos\u00e4ngers Carlos Gardel und des Tango-Nuevo-Begr\u00fcnders Astor Piazzolla gesellen sich Kompositionen atmosph\u00e4rischer Tiefe des Argentiniers M\u00e1ximo Diego Pujol. \u00dcberraschungen brasilianischer Couleur (J. M. Zenamon, H. Villa-Lobos) oder auch ungew\u00f6hnliche Neo-Tangos komplettieren die musikalische S\u00fcdamerika-Collage.<\/p>\n<p>Lassen Sie sich vom Duo Aciano auf diese musikalische Reise mitnehmen &#8211; zuh\u00f6rend oder tanzend!<\/p>\n","protected":false},"excerpt":{"rendered":"<p>Duo Aciano goes Filmmusik: &#8222;My Favorite Things&#8220; Stilsicher versehen die beiden Acianas ihre Lieblingsfilmmusiken mit einem klassischen Touch und setzen so anmutig wie delikat eigene Pointen. Hier treffen sich &#8222;Der Hobbit&#8220; und &#8222;Der Zauberer von Oz&#8220; auf ein &#8222;Fr\u00fchst\u00fcck bei Tiffanys&#8220;. &#8222;Der Duft der Frauen&#8220; bet\u00f6rt und &#8222;Die fabelhafte Welt der Am\u00e9lie&#8220; verzaubert nicht nur &hellip; <a href=\"https:\/\/www.duoaciano.de\/?page_id=14\" class=\"more-link\"><span class=\"screen-reader-text\">REPERTOIRE<\/span> weiterlesen<\/a><\/p>\n","protected":false},"author":1,"featured_media":0,"parent":0,"menu_order":0,"comment_status":"closed","ping_status":"closed","template":"page-templates\/New-Template2_page.php","meta":{"footnotes":""},"class_list":["post-14","page","type-page","status-publish","hentry"],"_links":{"self":[{"href":"https:\/\/www.duoaciano.de\/index.php?rest_route=\/wp\/v2\/pages\/14","targetHints":{"allow":["GET"]}}],"collection":[{"href":"https:\/\/www.duoaciano.de\/index.php?rest_route=\/wp\/v2\/pages"}],"about":[{"href":"https:\/\/www.duoaciano.de\/index.php?rest_route=\/wp\/v2\/types\/page"}],"author":[{"embeddable":true,"href":"https:\/\/www.duoaciano.de\/index.php?rest_route=\/wp\/v2\/users\/1"}],"replies":[{"embeddable":true,"href":"https:\/\/www.duoaciano.de\/index.php?rest_route=%2Fwp%2Fv2%2Fcomments&post=14"}],"version-history":[{"count":14,"href":"https:\/\/www.duoaciano.de\/index.php?rest_route=\/wp\/v2\/pages\/14\/revisions"}],"predecessor-version":[{"id":373,"href":"https:\/\/www.duoaciano.de\/index.php?rest_route=\/wp\/v2\/pages\/14\/revisions\/373"}],"wp:attachment":[{"href":"https:\/\/www.duoaciano.de\/index.php?rest_route=%2Fwp%2Fv2%2Fmedia&parent=14"}],"curies":[{"name":"wp","href":"https:\/\/api.w.org\/{rel}","templated":true}]}}